{"id":528,"date":"2014-03-09T20:06:26","date_gmt":"2014-03-09T20:06:26","guid":{"rendered":"http:\/\/portex.de\/?page_id=528"},"modified":"2021-09-14T16:14:03","modified_gmt":"2021-09-14T16:14:03","slug":"inicio","status":"publish","type":"page","link":"https:\/\/flaggermany.de\/es\/","title":{"rendered":"INICIO"},"content":{"rendered":"<h1><span style=\"color: #dd1427;\"><strong>Muchas gracias<\/strong><\/span> por su inter\u00e9s en nuestra empresa. Le invitamos cordialmente a obtener informaci\u00f3n m\u00e1s detallada sobre nosotros y nuestros <span style=\"color: #dd1427;\"><strong>productos<\/strong><\/span>.<\/h1>\n","protected":false},"excerpt":{"rendered":"<p>Muchas gracias por su inter\u00e9s en nuestra empresa. Le invitamos cordialmente a obtener informaci\u00f3n m\u00e1s detallada sobre nosotros y nuestros productos.<\/p>\n","protected":false},"author":6,"featured_media":0,"parent":0,"menu_order":76,"comment_status":"closed","ping_status":"closed","template":"","meta":{"ngg_post_thumbnail":0},"acf":[],"_links":{"self":[{"href":"https:\/\/flaggermany.de\/es\/wp-json\/wp\/v2\/pages\/528"}],"collection":[{"href":"https:\/\/flaggermany.de\/es\/wp-json\/wp\/v2\/pages"}],"about":[{"href":"https:\/\/flaggermany.de\/es\/wp-json\/wp\/v2\/types\/page"}],"author":[{"embeddable":true,"href":"https:\/\/flaggermany.de\/es\/wp-json\/wp\/v2\/users\/6"}],"replies":[{"embeddable":true,"href":"https:\/\/flaggermany.de\/es\/wp-json\/wp\/v2\/comments?post=528"}],"version-history":[{"count":1,"href":"https:\/\/flaggermany.de\/es\/wp-json\/wp\/v2\/pages\/528\/revisions"}],"predecessor-version":[{"id":79993,"href":"https:\/\/flaggermany.de\/es\/wp-json\/wp\/v2\/pages\/528\/revisions\/79993"}],"wp:attachment":[{"href":"https:\/\/flaggermany.de\/es\/wp-json\/wp\/v2\/media?parent=528"}],"curies":[{"name":"wp","href":"https:\/\/api.w.org\/{rel}","templated":true}]}}