{"id":696,"date":"2014-03-09T21:55:12","date_gmt":"2014-03-09T21:55:12","guid":{"rendered":"http:\/\/portex.de\/?page_id=696"},"modified":"2018-08-27T10:22:24","modified_gmt":"2018-08-27T10:22:24","slug":"diesel-6","status":"publish","type":"page","link":"https:\/\/flaggermany.de\/es\/diesel-6\/","title":{"rendered":"Diesel"},"content":{"rendered":"<p style=\"text-align: justify;\">En la t\u00e9cnica de inyecci\u00f3n diesel siempre se proporcionan mayores exigencias con respecto a rendimiento, consumo y disminuci\u00f3n de contaminantes. Con presiones cada vez mayores y ciclos de inyecci\u00f3n m\u00e1s frecuentes, as\u00ed como una cantidad de inyecci\u00f3n en base a microdosificaciones, la t\u00e9cnica de inyecci\u00f3n diesel es cada vez m\u00e1s productiva. <\/p>\n<p style=\"text-align: justify;\">Nuestro programa diesel incluye no s\u00f3lo las piezas de recambio para las bombas de inyecci\u00f3n en l\u00ednea y para distribuidores, sino tambi\u00e9n las \u00e1reas de Common Rail, Unit Injector y Unit Pump.<\/p>\n<p style=\"text-align: justify;\">Con los bancos de prueba y herramientas especiales para estos sistemas diesel, tenemos en el programa todo lo que necesita en el taller para asegurar una reparaci\u00f3n adecuada.<\/p>\n","protected":false},"excerpt":{"rendered":"<p>En la t\u00e9cnica de inyecci\u00f3n diesel siempre se proporcionan mayores exigencias con respecto a rendimiento, consumo y disminuci\u00f3n de contaminantes. Con presiones cada vez mayores y ciclos de inyecci\u00f3n m\u00e1s frecuentes, as\u00ed como una cantidad de inyecci\u00f3n en base a microdosificaciones, la t\u00e9cnica de inyecci\u00f3n diesel es cada vez m\u00e1s productiva. Nuestro programa diesel incluye [&hellip;]<\/p>\n","protected":false},"author":6,"featured_media":6443,"parent":0,"menu_order":110,"comment_status":"closed","ping_status":"closed","template":"","meta":{"ngg_post_thumbnail":0},"acf":[],"_links":{"self":[{"href":"https:\/\/flaggermany.de\/es\/wp-json\/wp\/v2\/pages\/696"}],"collection":[{"href":"https:\/\/flaggermany.de\/es\/wp-json\/wp\/v2\/pages"}],"about":[{"href":"https:\/\/flaggermany.de\/es\/wp-json\/wp\/v2\/types\/page"}],"author":[{"embeddable":true,"href":"https:\/\/flaggermany.de\/es\/wp-json\/wp\/v2\/users\/6"}],"replies":[{"embeddable":true,"href":"https:\/\/flaggermany.de\/es\/wp-json\/wp\/v2\/comments?post=696"}],"version-history":[{"count":0,"href":"https:\/\/flaggermany.de\/es\/wp-json\/wp\/v2\/pages\/696\/revisions"}],"wp:featuredmedia":[{"embeddable":true,"href":"https:\/\/flaggermany.de\/es\/wp-json\/wp\/v2\/media\/6443"}],"wp:attachment":[{"href":"https:\/\/flaggermany.de\/es\/wp-json\/wp\/v2\/media?parent=696"}],"curies":[{"name":"wp","href":"https:\/\/api.w.org\/{rel}","templated":true}]}}