{"id":698,"date":"2014-03-09T21:56:31","date_gmt":"2014-03-09T21:56:31","guid":{"rendered":"http:\/\/portex.de\/?page_id=698"},"modified":"2018-08-27T11:14:17","modified_gmt":"2018-08-27T11:14:17","slug":"bombas-de-inyeccion-en-linea","status":"publish","type":"page","link":"https:\/\/flaggermany.de\/es\/bombas-de-inyeccion-en-linea\/","title":{"rendered":"Bombas de inyecci\u00f3n en l\u00ednea"},"content":{"rendered":"\n<p style=\"text-align: justify;\">Calidad en la que se puede confiar por m\u00e1s de 30 a\u00f1os, esta es nuestra marca FLAG Germany.<\/p>\n<p style=\"text-align: justify;\">Nuestro programa para bombas de inyecci\u00f3n en l\u00ednea ha crecido a lo largo de los a\u00f1os, disponemos de una amplia gama de elementos, v\u00e1lvulas y equipos de reparaci\u00f3n de todos los fabricantes de renombre de bombas A, M, MW, H y P. Los porta-inyectores y sus componentes as\u00ed como las toberas de la marca FLAG Germany completan el programa.<\/p>\n","protected":false},"excerpt":{"rendered":"<p>Calidad en la que se puede confiar por m\u00e1s de 30 a\u00f1os, esta es nuestra marca FLAG Germany. Nuestro programa para bombas de inyecci\u00f3n en l\u00ednea ha crecido a lo largo de los a\u00f1os, disponemos de una amplia gama de elementos, v\u00e1lvulas y equipos de reparaci\u00f3n de todos los fabricantes de renombre de bombas A, [&hellip;]<\/p>\n","protected":false},"author":6,"featured_media":0,"parent":0,"menu_order":71,"comment_status":"closed","ping_status":"closed","template":"","meta":{"ngg_post_thumbnail":0},"acf":[],"_links":{"self":[{"href":"https:\/\/flaggermany.de\/es\/wp-json\/wp\/v2\/pages\/698"}],"collection":[{"href":"https:\/\/flaggermany.de\/es\/wp-json\/wp\/v2\/pages"}],"about":[{"href":"https:\/\/flaggermany.de\/es\/wp-json\/wp\/v2\/types\/page"}],"author":[{"embeddable":true,"href":"https:\/\/flaggermany.de\/es\/wp-json\/wp\/v2\/users\/6"}],"replies":[{"embeddable":true,"href":"https:\/\/flaggermany.de\/es\/wp-json\/wp\/v2\/comments?post=698"}],"version-history":[{"count":0,"href":"https:\/\/flaggermany.de\/es\/wp-json\/wp\/v2\/pages\/698\/revisions"}],"wp:attachment":[{"href":"https:\/\/flaggermany.de\/es\/wp-json\/wp\/v2\/media?parent=698"}],"curies":[{"name":"wp","href":"https:\/\/api.w.org\/{rel}","templated":true}]}}