{"id":700,"date":"2014-03-09T21:58:47","date_gmt":"2014-03-09T21:58:47","guid":{"rendered":"http:\/\/portex.de\/?page_id=700"},"modified":"2018-08-27T11:09:18","modified_gmt":"2018-08-27T11:09:18","slug":"bombas-de-inyeccion-para-distribuidores-ve-vp","status":"publish","type":"page","link":"https:\/\/flaggermany.de\/es\/bombas-de-inyeccion-para-distribuidores-ve-vp\/","title":{"rendered":"Bombas de inyecci\u00f3n para distribuidores VE \/ VP"},"content":{"rendered":"\n<p style=\"text-align: justify;\">Alta calidad del producto es nuestra suprema prioridad, aqu\u00ed no dejamos nada al azar. Como por ejemplo, en nuestro programa de bombas de inyecci\u00f3n para distribuidores con el que tambi\u00e9n hemos ampliado nuestra gama de productos para motores m\u00e1s peque\u00f1os que se utilizan en los autom\u00f3viles y camionetas.<\/p>\n<p style=\"text-align: justify;\">Con los kits de reparaci\u00f3n para Delphi, Zexel, Bosch, Denso y Stanadyne VE y bombas VP, tenemos un nombre en el mercado de piezas de recambio, que es sin\u00f3nimo de calidad confiable. Nuestras v\u00e1lvulas electromagn\u00e9ticas son de calidad equivalente a los productos OEM.<\/p>\n<p style=\"text-align: justify;\">Tambi\u00e9n las toberas DN y los porta-inyectores los encuentra para sus necesidades donde nosotros. Nos vemos como un proveedor de servicios, por eso satisfacemos las necesidades individuales de los clientes en la elaboraci\u00f3n de sus propios kits de reparaci\u00f3n y tambi\u00e9n la fabricaci\u00f3n de componentes &#8211; incluso con bajo n\u00famero de piezas &#8211; en funci\u00f3n del cliente.<\/p>\n","protected":false},"excerpt":{"rendered":"<p>Alta calidad del producto es nuestra suprema prioridad, aqu\u00ed no dejamos nada al azar. Como por ejemplo, en nuestro programa de bombas de inyecci\u00f3n para distribuidores con el que tambi\u00e9n hemos ampliado nuestra gama de productos para motores m\u00e1s peque\u00f1os que se utilizan en los autom\u00f3viles y camionetas. Con los kits de reparaci\u00f3n para Delphi, [&hellip;]<\/p>\n","protected":false},"author":6,"featured_media":0,"parent":0,"menu_order":84,"comment_status":"closed","ping_status":"closed","template":"","meta":{"ngg_post_thumbnail":0},"acf":[],"_links":{"self":[{"href":"https:\/\/flaggermany.de\/es\/wp-json\/wp\/v2\/pages\/700"}],"collection":[{"href":"https:\/\/flaggermany.de\/es\/wp-json\/wp\/v2\/pages"}],"about":[{"href":"https:\/\/flaggermany.de\/es\/wp-json\/wp\/v2\/types\/page"}],"author":[{"embeddable":true,"href":"https:\/\/flaggermany.de\/es\/wp-json\/wp\/v2\/users\/6"}],"replies":[{"embeddable":true,"href":"https:\/\/flaggermany.de\/es\/wp-json\/wp\/v2\/comments?post=700"}],"version-history":[{"count":0,"href":"https:\/\/flaggermany.de\/es\/wp-json\/wp\/v2\/pages\/700\/revisions"}],"wp:attachment":[{"href":"https:\/\/flaggermany.de\/es\/wp-json\/wp\/v2\/media?parent=700"}],"curies":[{"name":"wp","href":"https:\/\/api.w.org\/{rel}","templated":true}]}}