{"id":702,"date":"2014-03-09T21:59:55","date_gmt":"2014-03-09T21:59:55","guid":{"rendered":"http:\/\/portex.de\/?page_id=702"},"modified":"2018-08-27T11:20:16","modified_gmt":"2018-08-27T11:20:16","slug":"sistema-common-rail","status":"publish","type":"page","link":"https:\/\/flaggermany.de\/es\/sistema-common-rail\/","title":{"rendered":"Sistema common rail"},"content":{"rendered":"<p style=\"text-align: justify;\">El sistema Common Rail ha revolucionado la t\u00e9cnica de inyecci\u00f3n diesel, con presiones de inyecci\u00f3n de hasta 1.800 bar en el motor diesel se puede lograr lo que no ser\u00eda posible con los sistemas de inyecci\u00f3n mec\u00e1nicos. Sin embargo altas presiones y ciclos de inyecci\u00f3n m\u00e1s cortos tambi\u00e9n hacen aumentar la demanda de los materiales. Para garantizar una alta calidad de nuestros productos, nuestros componentes se prueban a fondo con respecto a las diferentes demandas y presiones. Por esta raz\u00f3n ponemos la tecnolog\u00eda Common Rail en nuestra propia instalaci\u00f3n de pruebas, con la que podemos simular situaciones extremas, adem\u00e1s de pruebas de larga duraci\u00f3n. Con nuestra propia reparaci\u00f3n ofrecemos una alta calidad constante de nuestros productos.<\/p>\n<p style=\"text-align: justify;\">Servimos a los Sistemas Common Rail de Bosch, Siemens (Continental), Delphi y Denso con piezas de recambio y porta-inyectores totalmente reparados y bombas de alta presi\u00f3n. Nos concentramos no s\u00f3lo en el \u00e1rea de camiones, sino que tambi\u00e9n disponemos de un amplio programa de piezas de recambio para autom\u00f3viles y camionetas: tales como conjuntos de v\u00e1lvulas, imanes y toberas, incluso con aguja recubierta.<\/p>\n","protected":false},"excerpt":{"rendered":"<p>El sistema Common Rail ha revolucionado la t\u00e9cnica de inyecci\u00f3n diesel, con presiones de inyecci\u00f3n de hasta 1.800 bar en el motor diesel se puede lograr lo que no ser\u00eda posible con los sistemas de inyecci\u00f3n mec\u00e1nicos. Sin embargo altas presiones y ciclos de inyecci\u00f3n m\u00e1s cortos tambi\u00e9n hacen aumentar la demanda de los materiales. [&hellip;]<\/p>\n","protected":false},"author":6,"featured_media":0,"parent":0,"menu_order":10,"comment_status":"closed","ping_status":"closed","template":"","meta":{"ngg_post_thumbnail":0},"acf":[],"_links":{"self":[{"href":"https:\/\/flaggermany.de\/es\/wp-json\/wp\/v2\/pages\/702"}],"collection":[{"href":"https:\/\/flaggermany.de\/es\/wp-json\/wp\/v2\/pages"}],"about":[{"href":"https:\/\/flaggermany.de\/es\/wp-json\/wp\/v2\/types\/page"}],"author":[{"embeddable":true,"href":"https:\/\/flaggermany.de\/es\/wp-json\/wp\/v2\/users\/6"}],"replies":[{"embeddable":true,"href":"https:\/\/flaggermany.de\/es\/wp-json\/wp\/v2\/comments?post=702"}],"version-history":[{"count":0,"href":"https:\/\/flaggermany.de\/es\/wp-json\/wp\/v2\/pages\/702\/revisions"}],"wp:attachment":[{"href":"https:\/\/flaggermany.de\/es\/wp-json\/wp\/v2\/media?parent=702"}],"curies":[{"name":"wp","href":"https:\/\/api.w.org\/{rel}","templated":true}]}}