{"id":704,"date":"2014-03-09T22:01:16","date_gmt":"2014-03-09T22:01:16","guid":{"rendered":"http:\/\/portex.de\/?page_id=704"},"modified":"2018-08-27T11:01:07","modified_gmt":"2018-08-27T11:01:07","slug":"unit-pump-ups-3","status":"publish","type":"page","link":"https:\/\/flaggermany.de\/es\/unit-pump-ups-3\/","title":{"rendered":"Unit Pump \/ UPS"},"content":{"rendered":"\n<p style=\"text-align: justify;\">Las bombas enchufables controladas mec\u00e1nicamente son cosa del pasado, con la posibilidad del control electr\u00f3nico alcanza el sistema de tobera de la bomba un rendimiento que se acerca a las posibilidades de la tecnolog\u00eda Common Rail.<\/p>\n<p style=\"text-align: justify;\">Nuestro tr\u00e1fico de mercanc\u00edas est\u00e1 en constante aumento, siempre m\u00e1s camiones llevan m\u00e1s mercanc\u00edas. Para los que trabajan en estas empresas de la industria, es cada vez m\u00e1s importante reducir los gastos. Con cada kil\u00f3metro del transporte conducido aumenta la importancia de producir motores diesel siempre de m\u00e1s potencia con bajo consumo para menos emisiones.<\/p>\n<p style=\"text-align: justify;\">El sistema de toberas de bomba en l\u00ednea es una posibilidad para que los fabricantes, como por ejemplo Mercedes, aplicaran en su desarrollo para cumplir debidamente los requisitos. Con nuestras piezas de recambio y herramientas, as\u00ed como el banco de pruebas para el sistema de toberas de bomba en l\u00ednea, tenemos que establecer para usted el surtido perfecto para todas las reparaciones de las bombas enchufables usuales.<\/p>\n","protected":false},"excerpt":{"rendered":"<p>Las bombas enchufables controladas mec\u00e1nicamente son cosa del pasado, con la posibilidad del control electr\u00f3nico alcanza el sistema de tobera de la bomba un rendimiento que se acerca a las posibilidades de la tecnolog\u00eda Common Rail. Nuestro tr\u00e1fico de mercanc\u00edas est\u00e1 en constante aumento, siempre m\u00e1s camiones llevan m\u00e1s mercanc\u00edas. Para los que trabajan en [&hellip;]<\/p>\n","protected":false},"author":6,"featured_media":0,"parent":0,"menu_order":69,"comment_status":"closed","ping_status":"closed","template":"","meta":{"ngg_post_thumbnail":0},"acf":[],"_links":{"self":[{"href":"https:\/\/flaggermany.de\/es\/wp-json\/wp\/v2\/pages\/704"}],"collection":[{"href":"https:\/\/flaggermany.de\/es\/wp-json\/wp\/v2\/pages"}],"about":[{"href":"https:\/\/flaggermany.de\/es\/wp-json\/wp\/v2\/types\/page"}],"author":[{"embeddable":true,"href":"https:\/\/flaggermany.de\/es\/wp-json\/wp\/v2\/users\/6"}],"replies":[{"embeddable":true,"href":"https:\/\/flaggermany.de\/es\/wp-json\/wp\/v2\/comments?post=704"}],"version-history":[{"count":0,"href":"https:\/\/flaggermany.de\/es\/wp-json\/wp\/v2\/pages\/704\/revisions"}],"wp:attachment":[{"href":"https:\/\/flaggermany.de\/es\/wp-json\/wp\/v2\/media?parent=704"}],"curies":[{"name":"wp","href":"https:\/\/api.w.org\/{rel}","templated":true}]}}