{"id":706,"date":"2014-03-09T22:02:31","date_gmt":"2014-03-09T22:02:31","guid":{"rendered":"http:\/\/portex.de\/?page_id=706"},"modified":"2018-08-27T10:54:05","modified_gmt":"2018-08-27T10:54:05","slug":"unit-injector-pump-uis-3","status":"publish","type":"page","link":"https:\/\/flaggermany.de\/es\/unit-injector-pump-uis-3\/","title":{"rendered":"Unit Injector Pump \/ UIS"},"content":{"rendered":"<p style=\"text-align: justify;\">El sistema Unit Injector es la combinaci\u00f3n de toberas de bomba en l\u00ednea y el inyector. La ventaja de este sistema es que las presiones a\u00fan m\u00e1s altas se pueden usar ya que la bomba de alta presi\u00f3n est\u00e1 conectada a la tobera de inyecci\u00f3n en uno de los componentes. Algunos fabricantes de equipos originales tales como Volvo, Scania, Iveco y VW, etc. se basan en esta t\u00e9cnica, pese a que los cambios estructurales necesitan ser hechos para el uso en el motor.<\/p>\n<p style=\"text-align: justify;\">Como tambi\u00e9n en el caso de la tobera de bomba en l\u00ednea pertenece a nuestra gama de productos la herramienta de prueba y reparaci\u00f3n adecuada. Desde la tobera hasta las v\u00e1lvulas y los anillos herm\u00e9ticos encuentra donde nosotros los repuestos completos que usted necesita para sus necesidades de reparaci\u00f3n de los sistemas UI. En las juntas t\u00f3ricas y de tefl\u00f3n del sistema Unit Injector son particularmente altas las exigencias. Ofrecemos juegos de juntas para todos los fabricantes de veh\u00edculos usuales.<\/p>\n","protected":false},"excerpt":{"rendered":"<p>El sistema Unit Injector es la combinaci\u00f3n de toberas de bomba en l\u00ednea y el inyector. La ventaja de este sistema es que las presiones a\u00fan m\u00e1s altas se pueden usar ya que la bomba de alta presi\u00f3n est\u00e1 conectada a la tobera de inyecci\u00f3n en uno de los componentes. Algunos fabricantes de equipos originales [&hellip;]<\/p>\n","protected":false},"author":6,"featured_media":0,"parent":0,"menu_order":68,"comment_status":"closed","ping_status":"closed","template":"","meta":{"ngg_post_thumbnail":0},"acf":[],"_links":{"self":[{"href":"https:\/\/flaggermany.de\/es\/wp-json\/wp\/v2\/pages\/706"}],"collection":[{"href":"https:\/\/flaggermany.de\/es\/wp-json\/wp\/v2\/pages"}],"about":[{"href":"https:\/\/flaggermany.de\/es\/wp-json\/wp\/v2\/types\/page"}],"author":[{"embeddable":true,"href":"https:\/\/flaggermany.de\/es\/wp-json\/wp\/v2\/users\/6"}],"replies":[{"embeddable":true,"href":"https:\/\/flaggermany.de\/es\/wp-json\/wp\/v2\/comments?post=706"}],"version-history":[{"count":0,"href":"https:\/\/flaggermany.de\/es\/wp-json\/wp\/v2\/pages\/706\/revisions"}],"wp:attachment":[{"href":"https:\/\/flaggermany.de\/es\/wp-json\/wp\/v2\/media?parent=706"}],"curies":[{"name":"wp","href":"https:\/\/api.w.org\/{rel}","templated":true}]}}