{"id":710,"date":"2014-03-09T22:04:20","date_gmt":"2014-03-09T22:04:20","guid":{"rendered":"http:\/\/portex.de\/?page_id=710"},"modified":"2018-08-27T10:40:58","modified_gmt":"2018-08-27T10:40:58","slug":"bombas-de-engranajes-20x-40x","status":"publish","type":"page","link":"https:\/\/flaggermany.de\/es\/bombas-de-engranajes-20x-40x\/","title":{"rendered":"Bombas de engranajes 20X 40X"},"content":{"rendered":"\n<p style=\"text-align: justify;\">Con nuestro programa hidr\u00e1ulico servimos no s\u00f3lo al mercado agr\u00edcola, sino tambi\u00e9n a la gama de veh\u00edculos de las furgonetas en las que estas bombas se utilizan como auxiliares de direcci\u00f3n. Nuestras bombas hidr\u00e1ulicas son ensambladas y probadas para cumplir con las altas exigencias de la agricultura en nuestra casa a los m\u00e1s estrictos est\u00e1ndares de calidad. El programa de las bombas de engranajes est\u00e1 en un comienzo y en constante expansi\u00f3n.<\/p>\n","protected":false},"excerpt":{"rendered":"<p>Con nuestro programa hidr\u00e1ulico servimos no s\u00f3lo al mercado agr\u00edcola, sino tambi\u00e9n a la gama de veh\u00edculos de las furgonetas en las que estas bombas se utilizan como auxiliares de direcci\u00f3n. Nuestras bombas hidr\u00e1ulicas son ensambladas y probadas para cumplir con las altas exigencias de la agricultura en nuestra casa a los m\u00e1s estrictos est\u00e1ndares [&hellip;]<\/p>\n","protected":false},"author":6,"featured_media":0,"parent":0,"menu_order":85,"comment_status":"closed","ping_status":"closed","template":"","meta":{"ngg_post_thumbnail":0},"acf":[],"_links":{"self":[{"href":"https:\/\/flaggermany.de\/es\/wp-json\/wp\/v2\/pages\/710"}],"collection":[{"href":"https:\/\/flaggermany.de\/es\/wp-json\/wp\/v2\/pages"}],"about":[{"href":"https:\/\/flaggermany.de\/es\/wp-json\/wp\/v2\/types\/page"}],"author":[{"embeddable":true,"href":"https:\/\/flaggermany.de\/es\/wp-json\/wp\/v2\/users\/6"}],"replies":[{"embeddable":true,"href":"https:\/\/flaggermany.de\/es\/wp-json\/wp\/v2\/comments?post=710"}],"version-history":[{"count":0,"href":"https:\/\/flaggermany.de\/es\/wp-json\/wp\/v2\/pages\/710\/revisions"}],"wp:attachment":[{"href":"https:\/\/flaggermany.de\/es\/wp-json\/wp\/v2\/media?parent=710"}],"curies":[{"name":"wp","href":"https:\/\/api.w.org\/{rel}","templated":true}]}}