{"id":712,"date":"2014-03-09T22:05:35","date_gmt":"2014-03-09T22:05:35","guid":{"rendered":"http:\/\/portex.de\/?page_id=712"},"modified":"2018-08-27T10:06:03","modified_gmt":"2018-08-27T10:06:03","slug":"motor-caja-y-eje","status":"publish","type":"page","link":"https:\/\/flaggermany.de\/es\/motor-caja-y-eje\/","title":{"rendered":"Motor, Caja y Eje"},"content":{"rendered":"<p style=\"text-align: justify;\">Una alta calidad del producto distingue a nuestros retenes para ejes y juntas t\u00f3ricas para camisas de cilindro de la m\u00e1s alta prioridad. Nuestros retenes para ejes se adaptan a la caja de cambio de Mercedes y de MAN, as\u00ed como a los ejes traseros. Constantemente ampliamos el programa, y en el \u00faltimo a\u00f1o lo complementamos con conjuntos de ejes traseros de Iveco (kits APL). Para motores Deutz, MB y tambi\u00e9n Volvo, Scania ofrecemos conjuntos de camisas de cilindro y juntas de v\u00e1stago de v\u00e1lvula.<\/p>\n<p style=\"text-align: justify;\">Procesamos materiales cortados a la medida para cada aplicaci\u00f3n en el motor, de caucho nitrilo buatem sobre FPM, silicona y PPDM. Donde nosotros encuentra retenes para ejes, juntas t\u00f3ricas y retenes de v\u00e1lvulas.<\/p>\n","protected":false},"excerpt":{"rendered":"<p>Una alta calidad del producto distingue a nuestros retenes para ejes y juntas t\u00f3ricas para camisas de cilindro de la m\u00e1s alta prioridad. Nuestros retenes para ejes se adaptan a la caja de cambio de Mercedes y de MAN, as\u00ed como a los ejes traseros. Constantemente ampliamos el programa, y en el \u00faltimo a\u00f1o lo [&hellip;]<\/p>\n","protected":false},"author":6,"featured_media":6451,"parent":0,"menu_order":103,"comment_status":"closed","ping_status":"closed","template":"","meta":{"ngg_post_thumbnail":0},"acf":[],"_links":{"self":[{"href":"https:\/\/flaggermany.de\/es\/wp-json\/wp\/v2\/pages\/712"}],"collection":[{"href":"https:\/\/flaggermany.de\/es\/wp-json\/wp\/v2\/pages"}],"about":[{"href":"https:\/\/flaggermany.de\/es\/wp-json\/wp\/v2\/types\/page"}],"author":[{"embeddable":true,"href":"https:\/\/flaggermany.de\/es\/wp-json\/wp\/v2\/users\/6"}],"replies":[{"embeddable":true,"href":"https:\/\/flaggermany.de\/es\/wp-json\/wp\/v2\/comments?post=712"}],"version-history":[{"count":0,"href":"https:\/\/flaggermany.de\/es\/wp-json\/wp\/v2\/pages\/712\/revisions"}],"wp:featuredmedia":[{"embeddable":true,"href":"https:\/\/flaggermany.de\/es\/wp-json\/wp\/v2\/media\/6451"}],"wp:attachment":[{"href":"https:\/\/flaggermany.de\/es\/wp-json\/wp\/v2\/media?parent=712"}],"curies":[{"name":"wp","href":"https:\/\/api.w.org\/{rel}","templated":true}]}}