{"id":714,"date":"2014-03-09T22:06:32","date_gmt":"2014-03-09T22:06:32","guid":{"rendered":"http:\/\/portex.de\/?page_id=714"},"modified":"2018-08-27T10:28:28","modified_gmt":"2018-08-27T10:28:28","slug":"sistema-electrico","status":"publish","type":"page","link":"https:\/\/flaggermany.de\/es\/sistema-electrico\/","title":{"rendered":"Sistema El\u00e9ctrico"},"content":{"rendered":"<p style=\"text-align: justify;\">Punto esencial de nuestro programa el\u00e9ctrico son sin duda nuestros conjuntos completos de arrancadores y generadores para el \u00e1rea de veh\u00edculos comerciales. Con nuestro propio montaje garantizamos la m\u00e1s alta calidad en la producci\u00f3n y por lo tanto establecemos los requisitos para una constante alta calidad de nuestros componentes. El programa se completa con \u00e9xito mediante nuestros interruptores de se\u00f1al de giro, generadores de intermitencia, y los sensores de temperatura y presi\u00f3n de aceite.<\/p>\n","protected":false},"excerpt":{"rendered":"<p>Punto esencial de nuestro programa el\u00e9ctrico son sin duda nuestros conjuntos completos de arrancadores y generadores para el \u00e1rea de veh\u00edculos comerciales. Con nuestro propio montaje garantizamos la m\u00e1s alta calidad en la producci\u00f3n y por lo tanto establecemos los requisitos para una constante alta calidad de nuestros componentes. El programa se completa con \u00e9xito [&hellip;]<\/p>\n","protected":false},"author":6,"featured_media":6447,"parent":0,"menu_order":118,"comment_status":"closed","ping_status":"closed","template":"","meta":{"ngg_post_thumbnail":0},"acf":[],"_links":{"self":[{"href":"https:\/\/flaggermany.de\/es\/wp-json\/wp\/v2\/pages\/714"}],"collection":[{"href":"https:\/\/flaggermany.de\/es\/wp-json\/wp\/v2\/pages"}],"about":[{"href":"https:\/\/flaggermany.de\/es\/wp-json\/wp\/v2\/types\/page"}],"author":[{"embeddable":true,"href":"https:\/\/flaggermany.de\/es\/wp-json\/wp\/v2\/users\/6"}],"replies":[{"embeddable":true,"href":"https:\/\/flaggermany.de\/es\/wp-json\/wp\/v2\/comments?post=714"}],"version-history":[{"count":0,"href":"https:\/\/flaggermany.de\/es\/wp-json\/wp\/v2\/pages\/714\/revisions"}],"wp:featuredmedia":[{"embeddable":true,"href":"https:\/\/flaggermany.de\/es\/wp-json\/wp\/v2\/media\/6447"}],"wp:attachment":[{"href":"https:\/\/flaggermany.de\/es\/wp-json\/wp\/v2\/media?parent=714"}],"curies":[{"name":"wp","href":"https:\/\/api.w.org\/{rel}","templated":true}]}}