{"id":716,"date":"2014-03-09T22:07:44","date_gmt":"2014-03-09T22:07:44","guid":{"rendered":"http:\/\/portex.de\/?page_id=716"},"modified":"2018-08-27T11:26:22","modified_gmt":"2018-08-27T11:26:22","slug":"motor-de-arranque","status":"publish","type":"page","link":"https:\/\/flaggermany.de\/es\/motor-de-arranque\/","title":{"rendered":"Motor de arranque"},"content":{"rendered":"<p style=\"text-align: justify;\">Conmutadores electromagn\u00e9ticos y rel\u00e9s de alta calidad tambi\u00e9n est\u00e1n disponibles en nuestra gama de productos, tales como engranajes planetarios, engranajes de rueda libre y bobinados. El montaje asegura la calidad de los arrancadores completos as\u00ed como de los componentes. Somos capaces de detectar peque\u00f1as variaciones en el volumen de la producci\u00f3n en serie, lo que nos permite corregir r\u00e1pidamente fuera de un control constante del producto. Trabajamos con una instalaci\u00f3n de pruebas de DV Elektronics que nos permite examinar individualmente cada arrancador, y enviarlo con un n\u00famero de serie y un informe de la prueba. Nuestros resultados de la prueba se almacenan durante m\u00e1s de 10 a\u00f1os y se recuperan en cualquier momento. A nuestros clientes les mostramos nuestra calidad del producto con el informe de la prueba como suplemento a cada arrancador.<\/p>\n<p style=\"text-align: justify;\">El programa de los arrancadores incluye las series Bosch KB, QB, JF, JD, IE, JE, EV y HEF, y sus piezas de recambio completas. Con nuestro nuevo programa de arrancadores Mitsubishi para MB, MAN, IVECO, VOLVO y RENAULT confirmamos nuestra posici\u00f3n en el mercado de piezas de recambio.<\/p>\n<p style=\"text-align: justify;\">Minimizar el riesgo de aver\u00eda, y poner en la reparaci\u00f3n y el reemplazo los productos de calidad de FLAG Germany.<\/p>\n","protected":false},"excerpt":{"rendered":"<p>Conmutadores electromagn\u00e9ticos y rel\u00e9s de alta calidad tambi\u00e9n est\u00e1n disponibles en nuestra gama de productos, tales como engranajes planetarios, engranajes de rueda libre y bobinados. El montaje asegura la calidad de los arrancadores completos as\u00ed como de los componentes. Somos capaces de detectar peque\u00f1as variaciones en el volumen de la producci\u00f3n en serie, lo que [&hellip;]<\/p>\n","protected":false},"author":6,"featured_media":0,"parent":0,"menu_order":74,"comment_status":"closed","ping_status":"closed","template":"","meta":{"ngg_post_thumbnail":0},"acf":[],"_links":{"self":[{"href":"https:\/\/flaggermany.de\/es\/wp-json\/wp\/v2\/pages\/716"}],"collection":[{"href":"https:\/\/flaggermany.de\/es\/wp-json\/wp\/v2\/pages"}],"about":[{"href":"https:\/\/flaggermany.de\/es\/wp-json\/wp\/v2\/types\/page"}],"author":[{"embeddable":true,"href":"https:\/\/flaggermany.de\/es\/wp-json\/wp\/v2\/users\/6"}],"replies":[{"embeddable":true,"href":"https:\/\/flaggermany.de\/es\/wp-json\/wp\/v2\/comments?post=716"}],"version-history":[{"count":0,"href":"https:\/\/flaggermany.de\/es\/wp-json\/wp\/v2\/pages\/716\/revisions"}],"wp:attachment":[{"href":"https:\/\/flaggermany.de\/es\/wp-json\/wp\/v2\/media?parent=716"}],"curies":[{"name":"wp","href":"https:\/\/api.w.org\/{rel}","templated":true}]}}