{"id":718,"date":"2014-03-09T22:09:10","date_gmt":"2014-03-09T22:09:10","guid":{"rendered":"http:\/\/portex.de\/?page_id=718"},"modified":"2018-08-27T11:31:03","modified_gmt":"2018-08-27T11:31:03","slug":"componentes-para-motor-de-arranque","status":"publish","type":"page","link":"https:\/\/flaggermany.de\/es\/componentes-para-motor-de-arranque\/","title":{"rendered":"Componentes para motor de arranque"},"content":{"rendered":"<p style=\"text-align: justify;\">Los tiempos de funcionamiento de las series de arrancadores se han reducido dr\u00e1sticamente, las nuevas exigencias siempre cambiantes de los motores y los fabricantes de veh\u00edculos aumentan, y el rendimiento de los arrancadores aumenta para reducir el consumo de carburante. Con las nuevas series de productos, los fabricantes de arrancadores OEM est\u00e1n tratando de cumplir con las expectativas. Cuando usted hoy compra un cami\u00f3n Mercedes, no puede estar seguro de que est\u00e1 montado un arrancador Bosch, pero si es as\u00ed, existe la pregunta en cuanto a la serie de productos que fue utilizada. Tenemos todas las piezas de recambio para las series Bosch KB, QB, JF, JD, IE, JE, EV y HEF. Nuestra propia producci\u00f3n garantiza la m\u00e1s alta calidad, incluso con los componentes y nos preocupamos constantemente de tener m\u00e1s de 2.000 piezas de recambio diferentes en stock para los arrancadores Bosch y Mitsubishi. <\/p>\n<p style=\"text-align: justify;\"><b>Ganar confianza a trav\u00e9s de la calidad.<\/b><\/p>\n","protected":false},"excerpt":{"rendered":"<p>Los tiempos de funcionamiento de las series de arrancadores se han reducido dr\u00e1sticamente, las nuevas exigencias siempre cambiantes de los motores y los fabricantes de veh\u00edculos aumentan, y el rendimiento de los arrancadores aumenta para reducir el consumo de carburante. Con las nuevas series de productos, los fabricantes de arrancadores OEM est\u00e1n tratando de cumplir [&hellip;]<\/p>\n","protected":false},"author":6,"featured_media":0,"parent":0,"menu_order":34,"comment_status":"closed","ping_status":"closed","template":"","meta":{"ngg_post_thumbnail":0},"acf":[],"_links":{"self":[{"href":"https:\/\/flaggermany.de\/es\/wp-json\/wp\/v2\/pages\/718"}],"collection":[{"href":"https:\/\/flaggermany.de\/es\/wp-json\/wp\/v2\/pages"}],"about":[{"href":"https:\/\/flaggermany.de\/es\/wp-json\/wp\/v2\/types\/page"}],"author":[{"embeddable":true,"href":"https:\/\/flaggermany.de\/es\/wp-json\/wp\/v2\/users\/6"}],"replies":[{"embeddable":true,"href":"https:\/\/flaggermany.de\/es\/wp-json\/wp\/v2\/comments?post=718"}],"version-history":[{"count":0,"href":"https:\/\/flaggermany.de\/es\/wp-json\/wp\/v2\/pages\/718\/revisions"}],"wp:attachment":[{"href":"https:\/\/flaggermany.de\/es\/wp-json\/wp\/v2\/media?parent=718"}],"curies":[{"name":"wp","href":"https:\/\/api.w.org\/{rel}","templated":true}]}}