{"id":720,"date":"2014-03-09T22:10:29","date_gmt":"2014-03-09T22:10:29","guid":{"rendered":"http:\/\/portex.de\/?page_id=720"},"modified":"2018-08-27T11:39:16","modified_gmt":"2018-08-27T11:39:16","slug":"alternadores","status":"publish","type":"page","link":"https:\/\/flaggermany.de\/es\/alternadores\/","title":{"rendered":"Alternadores"},"content":{"rendered":"<p style=\"text-align: justify;\">Los generadores compactos modernos para la alimentaci\u00f3n el\u00e9ctrica de los veh\u00edculos comerciales est\u00e1n equipados con reguladores multifuncionales altamente variables. Esto permite un sinn\u00famero de funciones \u00fatiles en el funcionamiento del generador. Una de ellas es la denominada detecci\u00f3n de bater\u00eda con la que se optimiza la tensi\u00f3n de carga entre el generador y la bater\u00eda. Las bater\u00edas de hoy en d\u00eda alcanzan un mucho mejor rendimiento mediante los reguladores multifuncionales. Las caracter\u00edsticas clave de los generadores de hoy son una alta corriente de salida, incluso a baja velocidad y hasta un 25 % m\u00e1s de potencia con un rendimiento superior. Debido al menor tama\u00f1o y menor peso tambi\u00e9n se ahorra carburante.<\/p>\n<p style=\"text-align: justify;\">FLAG ofrece una amplia gama de generadores para los veh\u00edculos comerciales de todos los fabricantes de veh\u00edculos, de acuerdo con el rango de potencia de 27 a 180 amperios a 24 voltios de tensi\u00f3n de carga.<\/p>\n<p style=\"text-align: justify;\">Nuestros alternadores son conformes con la norma internacional, cada generador sale de nuestro centro de producci\u00f3n en Schwarzenbek en Hamburgo con un informe de prueba y un n\u00famero de serie. <\/p>\n","protected":false},"excerpt":{"rendered":"<p>Los generadores compactos modernos para la alimentaci\u00f3n el\u00e9ctrica de los veh\u00edculos comerciales est\u00e1n equipados con reguladores multifuncionales altamente variables. Esto permite un sinn\u00famero de funciones \u00fatiles en el funcionamiento del generador. Una de ellas es la denominada detecci\u00f3n de bater\u00eda con la que se optimiza la tensi\u00f3n de carga entre el generador y la bater\u00eda. [&hellip;]<\/p>\n","protected":false},"author":6,"featured_media":0,"parent":0,"menu_order":42,"comment_status":"closed","ping_status":"closed","template":"","meta":{"ngg_post_thumbnail":0},"acf":[],"_links":{"self":[{"href":"https:\/\/flaggermany.de\/es\/wp-json\/wp\/v2\/pages\/720"}],"collection":[{"href":"https:\/\/flaggermany.de\/es\/wp-json\/wp\/v2\/pages"}],"about":[{"href":"https:\/\/flaggermany.de\/es\/wp-json\/wp\/v2\/types\/page"}],"author":[{"embeddable":true,"href":"https:\/\/flaggermany.de\/es\/wp-json\/wp\/v2\/users\/6"}],"replies":[{"embeddable":true,"href":"https:\/\/flaggermany.de\/es\/wp-json\/wp\/v2\/comments?post=720"}],"version-history":[{"count":0,"href":"https:\/\/flaggermany.de\/es\/wp-json\/wp\/v2\/pages\/720\/revisions"}],"wp:attachment":[{"href":"https:\/\/flaggermany.de\/es\/wp-json\/wp\/v2\/media?parent=720"}],"curies":[{"name":"wp","href":"https:\/\/api.w.org\/{rel}","templated":true}]}}