{"id":722,"date":"2014-03-09T22:11:35","date_gmt":"2014-03-09T22:11:35","guid":{"rendered":"http:\/\/portex.de\/?page_id=722"},"modified":"2018-08-27T11:44:24","modified_gmt":"2018-08-27T11:44:24","slug":"componentes-para-alternadores","status":"publish","type":"page","link":"https:\/\/flaggermany.de\/es\/componentes-para-alternadores\/","title":{"rendered":"Componentes para alternadores"},"content":{"rendered":"<p style=\"text-align: justify;\">Sobre la base de nuestra propia producci\u00f3n, tenemos constantemente disponible una amplia gama de piezas de recambio para generadores. La amplia gama de productos incluye controladores de generador convencionales, as\u00ed como reguladores multifuncionales de la generaci\u00f3n m\u00e1s reciente. Con nuestro propio montaje y prueba de los generadores, aseguramos tambi\u00e9n un alto nivel de calidad de las piezas de recambio. Nuestros rotores, estatores y rectificadores est\u00e1n por lo tanto sometidos a un control de calidad continuo.<\/p>\n<p style=\"text-align: justify;\">Esto le garantiza un alto nivel de seguridad en la elecci\u00f3n de una pieza de recambio de la marca FLAG Germany.<\/p>\n","protected":false},"excerpt":{"rendered":"<p>Sobre la base de nuestra propia producci\u00f3n, tenemos constantemente disponible una amplia gama de piezas de recambio para generadores. La amplia gama de productos incluye controladores de generador convencionales, as\u00ed como reguladores multifuncionales de la generaci\u00f3n m\u00e1s reciente. Con nuestro propio montaje y prueba de los generadores, aseguramos tambi\u00e9n un alto nivel de calidad de [&hellip;]<\/p>\n","protected":false},"author":6,"featured_media":0,"parent":0,"menu_order":33,"comment_status":"closed","ping_status":"closed","template":"","meta":{"ngg_post_thumbnail":0},"acf":[],"_links":{"self":[{"href":"https:\/\/flaggermany.de\/es\/wp-json\/wp\/v2\/pages\/722"}],"collection":[{"href":"https:\/\/flaggermany.de\/es\/wp-json\/wp\/v2\/pages"}],"about":[{"href":"https:\/\/flaggermany.de\/es\/wp-json\/wp\/v2\/types\/page"}],"author":[{"embeddable":true,"href":"https:\/\/flaggermany.de\/es\/wp-json\/wp\/v2\/users\/6"}],"replies":[{"embeddable":true,"href":"https:\/\/flaggermany.de\/es\/wp-json\/wp\/v2\/comments?post=722"}],"version-history":[{"count":0,"href":"https:\/\/flaggermany.de\/es\/wp-json\/wp\/v2\/pages\/722\/revisions"}],"wp:attachment":[{"href":"https:\/\/flaggermany.de\/es\/wp-json\/wp\/v2\/media?parent=722"}],"curies":[{"name":"wp","href":"https:\/\/api.w.org\/{rel}","templated":true}]}}