{"id":724,"date":"2014-03-09T22:12:54","date_gmt":"2014-03-09T22:12:54","guid":{"rendered":"http:\/\/portex.de\/?page_id=724"},"modified":"2018-08-27T11:51:02","modified_gmt":"2018-08-27T11:51:02","slug":"interruptores-generadores-de-intermitencia-y-sensores","status":"publish","type":"page","link":"https:\/\/flaggermany.de\/es\/interruptores-generadores-de-intermitencia-y-sensores\/","title":{"rendered":"Interruptores generadores de intermitencia y sensores"},"content":{"rendered":"<p style=\"text-align: justify;\">El moderno mando del motor de la llamada Engine Control Unit (ECU) es un computador que se encarga del control, la regulaci\u00f3n y supervisi\u00f3n de las funciones del motor. Para las funciones de regulaci\u00f3n y control, la ECU procesa los datos de sensor, como p.ej. la temperatura del aire de admisi\u00f3n y el fluido del motor, la presi\u00f3n de aceite o la se\u00f1al de presi\u00f3n de carburante. La informaci\u00f3n de las llamadas se\u00f1ales de operador &#8211; tales como el control de velocidad del veh\u00edculo, posici\u00f3n del \u00e1ngulo del pedal de acelerador o la se\u00f1al de freno &#8211; se incluyen en los c\u00e1lculos de la ECU. Con nuestros sensores de temperatura y presi\u00f3n de aceite, los reguladores multifuncionales y rel\u00e9s, complementamos nuestra gama de productos para el \u00e1rea de mando del motor.<\/p>\n<p style=\"text-align: justify;\">Tambi\u00e9n tenemos una gama de generadores de intermitencia e interruptores, as\u00ed como interruptores de la columna de direcci\u00f3n.<\/p>\n","protected":false},"excerpt":{"rendered":"<p>El moderno mando del motor de la llamada Engine Control Unit (ECU) es un computador que se encarga del control, la regulaci\u00f3n y supervisi\u00f3n de las funciones del motor. Para las funciones de regulaci\u00f3n y control, la ECU procesa los datos de sensor, como p.ej. la temperatura del aire de admisi\u00f3n y el fluido del [&hellip;]<\/p>\n","protected":false},"author":6,"featured_media":0,"parent":0,"menu_order":72,"comment_status":"closed","ping_status":"closed","template":"","meta":{"ngg_post_thumbnail":0},"acf":[],"_links":{"self":[{"href":"https:\/\/flaggermany.de\/es\/wp-json\/wp\/v2\/pages\/724"}],"collection":[{"href":"https:\/\/flaggermany.de\/es\/wp-json\/wp\/v2\/pages"}],"about":[{"href":"https:\/\/flaggermany.de\/es\/wp-json\/wp\/v2\/types\/page"}],"author":[{"embeddable":true,"href":"https:\/\/flaggermany.de\/es\/wp-json\/wp\/v2\/users\/6"}],"replies":[{"embeddable":true,"href":"https:\/\/flaggermany.de\/es\/wp-json\/wp\/v2\/comments?post=724"}],"version-history":[{"count":0,"href":"https:\/\/flaggermany.de\/es\/wp-json\/wp\/v2\/pages\/724\/revisions"}],"wp:attachment":[{"href":"https:\/\/flaggermany.de\/es\/wp-json\/wp\/v2\/media?parent=724"}],"curies":[{"name":"wp","href":"https:\/\/api.w.org\/{rel}","templated":true}]}}