{"id":524,"date":"2014-03-09T20:00:32","date_gmt":"2014-03-09T20:00:32","guid":{"rendered":"http:\/\/portex.de\/?page_id=524"},"modified":"2021-09-14T16:13:14","modified_gmt":"2021-09-14T16:13:14","slug":"maison","status":"publish","type":"page","link":"https:\/\/flaggermany.de\/fr\/","title":{"rendered":"MAISON"},"content":{"rendered":"<h1><span style=\"color: #dd1427;\"><strong>Merci<\/strong><\/span> de l\u2019int\u00e9r\u00eat que vous portez \u00e0 notre soci\u00e9t\u00e9. Nous vous invitons \u00e0 vous informer plus en d\u00e9tail sur notre soci\u00e9t\u00e9 et sur nos <span style=\"color: #dd1427;\"><strong>produits<\/strong><\/span>.<\/h1>\n","protected":false},"excerpt":{"rendered":"<p>Merci de l\u2019int\u00e9r\u00eat que vous portez \u00e0 notre soci\u00e9t\u00e9. Nous vous invitons \u00e0 vous informer plus en d\u00e9tail sur notre soci\u00e9t\u00e9 et sur nos produits.<\/p>\n","protected":false},"author":6,"featured_media":0,"parent":0,"menu_order":76,"comment_status":"closed","ping_status":"closed","template":"","meta":{"ngg_post_thumbnail":0},"acf":[],"_links":{"self":[{"href":"https:\/\/flaggermany.de\/fr\/wp-json\/wp\/v2\/pages\/524"}],"collection":[{"href":"https:\/\/flaggermany.de\/fr\/wp-json\/wp\/v2\/pages"}],"about":[{"href":"https:\/\/flaggermany.de\/fr\/wp-json\/wp\/v2\/types\/page"}],"author":[{"embeddable":true,"href":"https:\/\/flaggermany.de\/fr\/wp-json\/wp\/v2\/users\/6"}],"replies":[{"embeddable":true,"href":"https:\/\/flaggermany.de\/fr\/wp-json\/wp\/v2\/comments?post=524"}],"version-history":[{"count":1,"href":"https:\/\/flaggermany.de\/fr\/wp-json\/wp\/v2\/pages\/524\/revisions"}],"predecessor-version":[{"id":79992,"href":"https:\/\/flaggermany.de\/fr\/wp-json\/wp\/v2\/pages\/524\/revisions\/79992"}],"wp:attachment":[{"href":"https:\/\/flaggermany.de\/fr\/wp-json\/wp\/v2\/media?parent=524"}],"curies":[{"name":"wp","href":"https:\/\/api.w.org\/{rel}","templated":true}]}}