{"id":599,"date":"2014-03-09T20:54:49","date_gmt":"2014-03-09T20:54:49","guid":{"rendered":"http:\/\/portex.de\/?page_id=599"},"modified":"2018-08-27T10:20:58","modified_gmt":"2018-08-27T10:20:58","slug":"diesel-5","status":"publish","type":"page","link":"https:\/\/flaggermany.de\/fr\/diesel-5\/","title":{"rendered":"Diesel"},"content":{"rendered":"<p style=\"text-align: justify;\">Des exigences de plus en plus importantes en mati\u00e8re de performance, de consommation et de r\u00e9duction des \u00e9missions polluantes s&rsquo;imposent \u00e0 la technique d&rsquo;injection diesel. La technique d&rsquo;injection diesel am\u00e9liore constamment ses performances gr\u00e2ce \u00e0 des pressions de plus en plus \u00e9lev\u00e9es et des cycles d&rsquo;injection \u00e0 plus grande fr\u00e9quence, sans parler du micro-dosage de la quantit\u00e9 d&rsquo;injection. <\/p>\n<p style=\"text-align: justify;\">Notre programme diesel comprend, outre des pi\u00e8ces de rechange destin\u00e9es aux pompes d&rsquo;injection en ligne et distributrice, les domaines de Common Rail, Unit Injector et Unit Pump. Avec nos bancs d&rsquo;essais et nos outillages sp\u00e9ciaux d\u00e9di\u00e9s \u00e0 ces syst\u00e8mes diesel, notre programme offre tout ce dont un atelier a besoin pour garantir des r\u00e9parations dans les r\u00e8gles de l&rsquo;art.<\/p>\n","protected":false},"excerpt":{"rendered":"<p>Des exigences de plus en plus importantes en mati\u00e8re de performance, de consommation et de r\u00e9duction des \u00e9missions polluantes s&rsquo;imposent \u00e0 la technique d&rsquo;injection diesel. La technique d&rsquo;injection diesel am\u00e9liore constamment ses performances gr\u00e2ce \u00e0 des pressions de plus en plus \u00e9lev\u00e9es et des cycles d&rsquo;injection \u00e0 plus grande fr\u00e9quence, sans parler du micro-dosage de [&hellip;]<\/p>\n","protected":false},"author":6,"featured_media":6444,"parent":0,"menu_order":110,"comment_status":"closed","ping_status":"closed","template":"","meta":{"ngg_post_thumbnail":0},"acf":[],"_links":{"self":[{"href":"https:\/\/flaggermany.de\/fr\/wp-json\/wp\/v2\/pages\/599"}],"collection":[{"href":"https:\/\/flaggermany.de\/fr\/wp-json\/wp\/v2\/pages"}],"about":[{"href":"https:\/\/flaggermany.de\/fr\/wp-json\/wp\/v2\/types\/page"}],"author":[{"embeddable":true,"href":"https:\/\/flaggermany.de\/fr\/wp-json\/wp\/v2\/users\/6"}],"replies":[{"embeddable":true,"href":"https:\/\/flaggermany.de\/fr\/wp-json\/wp\/v2\/comments?post=599"}],"version-history":[{"count":0,"href":"https:\/\/flaggermany.de\/fr\/wp-json\/wp\/v2\/pages\/599\/revisions"}],"wp:featuredmedia":[{"embeddable":true,"href":"https:\/\/flaggermany.de\/fr\/wp-json\/wp\/v2\/media\/6444"}],"wp:attachment":[{"href":"https:\/\/flaggermany.de\/fr\/wp-json\/wp\/v2\/media?parent=599"}],"curies":[{"name":"wp","href":"https:\/\/api.w.org\/{rel}","templated":true}]}}