{"id":603,"date":"2014-03-09T20:57:23","date_gmt":"2014-03-09T20:57:23","guid":{"rendered":"http:\/\/portex.de\/?page_id=603"},"modified":"2018-08-27T11:42:23","modified_gmt":"2018-08-27T11:42:23","slug":"pieces-detachees-pour-generateurs","status":"publish","type":"page","link":"https:\/\/flaggermany.de\/fr\/pieces-detachees-pour-generateurs\/","title":{"rendered":"Pi\u00e8ces d\u00e9tach\u00e9es pour g\u00e9n\u00e9rateurs"},"content":{"rendered":"\n<p style=\"text-align: justify;\">Notre propre production nous permet de disposer en permanence d\u2019une vaste gamme de pi\u00e8ces de rechange de g\u00e9n\u00e9rateurs. Cet \u00e9ventail \u00e9tendu comprend des r\u00e9gulateurs de g\u00e9n\u00e9rateurs d\u2019origine, tout comme des r\u00e9gulateurs multifonction de derni\u00e8re g\u00e9n\u00e9ration.  Nous proc\u00e9dons nous-m\u00eames au montage et au contr\u00f4le des g\u00e9n\u00e9rateurs, et nous garantissons ainsi \u00e9galement pour les pi\u00e8ces de rechange un niveau \u00e9lev\u00e9 de qualit\u00e9. Nos rotors, stators et redresseurs sont par cons\u00e9quent soumis \u00e0 un contr\u00f4le qualit\u00e9 permanent.<\/p>\n<p style=\"text-align: justify;\">Quand vous choisissez une pi\u00e8ce de rechange de la marque FLAG Germany, vous \u00eates ainsi assur\u00e9 d\u2019obtenu un niveau de s\u00e9curit\u00e9 maximal.<\/p>\n","protected":false},"excerpt":{"rendered":"<p>Notre propre production nous permet de disposer en permanence d\u2019une vaste gamme de pi\u00e8ces de rechange de g\u00e9n\u00e9rateurs. Cet \u00e9ventail \u00e9tendu comprend des r\u00e9gulateurs de g\u00e9n\u00e9rateurs d\u2019origine, tout comme des r\u00e9gulateurs multifonction de derni\u00e8re g\u00e9n\u00e9ration. Nous proc\u00e9dons nous-m\u00eames au montage et au contr\u00f4le des g\u00e9n\u00e9rateurs, et nous garantissons ainsi \u00e9galement pour les pi\u00e8ces de rechange [&hellip;]<\/p>\n","protected":false},"author":6,"featured_media":0,"parent":0,"menu_order":33,"comment_status":"closed","ping_status":"closed","template":"","meta":{"ngg_post_thumbnail":0},"acf":[],"_links":{"self":[{"href":"https:\/\/flaggermany.de\/fr\/wp-json\/wp\/v2\/pages\/603"}],"collection":[{"href":"https:\/\/flaggermany.de\/fr\/wp-json\/wp\/v2\/pages"}],"about":[{"href":"https:\/\/flaggermany.de\/fr\/wp-json\/wp\/v2\/types\/page"}],"author":[{"embeddable":true,"href":"https:\/\/flaggermany.de\/fr\/wp-json\/wp\/v2\/users\/6"}],"replies":[{"embeddable":true,"href":"https:\/\/flaggermany.de\/fr\/wp-json\/wp\/v2\/comments?post=603"}],"version-history":[{"count":0,"href":"https:\/\/flaggermany.de\/fr\/wp-json\/wp\/v2\/pages\/603\/revisions"}],"wp:attachment":[{"href":"https:\/\/flaggermany.de\/fr\/wp-json\/wp\/v2\/media?parent=603"}],"curies":[{"name":"wp","href":"https:\/\/api.w.org\/{rel}","templated":true}]}}