{"id":606,"date":"2014-03-09T20:59:19","date_gmt":"2014-03-09T20:59:19","guid":{"rendered":"http:\/\/portex.de\/?page_id=606"},"modified":"2018-08-27T11:29:14","modified_gmt":"2018-08-27T11:29:14","slug":"pieces-detachees-pour-demarreurs","status":"publish","type":"page","link":"https:\/\/flaggermany.de\/fr\/pieces-detachees-pour-demarreurs\/","title":{"rendered":"Pi\u00e8ces d\u00e9tach\u00e9es pour d\u00e9marreurs"},"content":{"rendered":"<p style=\"text-align: justify;\">Les pi\u00e8ces d\u00e9tach\u00e9es sur les s\u00e9ries de d\u00e9marreurs se sont consid\u00e9rablement r\u00e9duites. Les nouvelles exigences des constructeurs de moteurs et automobiles en mati\u00e8re de poids et de performances des d\u00e9marreurs augmentent en permanence, afin de r\u00e9duire la consommation de carburant. Les \u00e9quipementiers constructeurs de d\u00e9marreurs s\u2019efforcent de r\u00e9pondre aux attentes, gr\u00e2ce \u00e0 de nouvelles s\u00e9ries de produits. Si vous achetez aujourd\u2019hui un camion Mercedes, vous n\u2019\u00eates pas s\u00fbr qu\u2019il soit \u00e9quip\u00e9 d\u2019un d\u00e9marreur Bosch et m\u00eame si c\u2019est le cas, la question reste \u00e0 savoir de quelle s\u00e9rie il s\u2019agit. Nous proposons toutes les pi\u00e8ces de rechange pour les s\u00e9ries Bosch KB, QB, JF, JD, IE, JE, EV et HEF.  Notre propre production garantit une qualit\u00e9 d\u2019excellence, m\u00eame pour les pi\u00e8ces d\u00e9tach\u00e9es et veille \u00e0 ce que nous tenions toujours en stock plus de 2 000 diff\u00e9rentes pi\u00e8ces de rechange pour les d\u00e9marreurs Bosch et Mitsubishi. <\/p>\n<p style=\"text-align: justify;\"><b>Gagner la confiance par la qualit\u00e9.<\/b><\/p>\n","protected":false},"excerpt":{"rendered":"<p>Les pi\u00e8ces d\u00e9tach\u00e9es sur les s\u00e9ries de d\u00e9marreurs se sont consid\u00e9rablement r\u00e9duites. Les nouvelles exigences des constructeurs de moteurs et automobiles en mati\u00e8re de poids et de performances des d\u00e9marreurs augmentent en permanence, afin de r\u00e9duire la consommation de carburant. Les \u00e9quipementiers constructeurs de d\u00e9marreurs s\u2019efforcent de r\u00e9pondre aux attentes, gr\u00e2ce \u00e0 de nouvelles s\u00e9ries [&hellip;]<\/p>\n","protected":false},"author":6,"featured_media":0,"parent":0,"menu_order":34,"comment_status":"closed","ping_status":"closed","template":"","meta":{"ngg_post_thumbnail":0},"acf":[],"_links":{"self":[{"href":"https:\/\/flaggermany.de\/fr\/wp-json\/wp\/v2\/pages\/606"}],"collection":[{"href":"https:\/\/flaggermany.de\/fr\/wp-json\/wp\/v2\/pages"}],"about":[{"href":"https:\/\/flaggermany.de\/fr\/wp-json\/wp\/v2\/types\/page"}],"author":[{"embeddable":true,"href":"https:\/\/flaggermany.de\/fr\/wp-json\/wp\/v2\/users\/6"}],"replies":[{"embeddable":true,"href":"https:\/\/flaggermany.de\/fr\/wp-json\/wp\/v2\/comments?post=606"}],"version-history":[{"count":0,"href":"https:\/\/flaggermany.de\/fr\/wp-json\/wp\/v2\/pages\/606\/revisions"}],"wp:attachment":[{"href":"https:\/\/flaggermany.de\/fr\/wp-json\/wp\/v2\/media?parent=606"}],"curies":[{"name":"wp","href":"https:\/\/api.w.org\/{rel}","templated":true}]}}