{"id":609,"date":"2014-03-09T21:01:55","date_gmt":"2014-03-09T21:01:55","guid":{"rendered":"http:\/\/portex.de\/?page_id=609"},"modified":"2018-08-27T10:27:35","modified_gmt":"2018-08-27T10:27:35","slug":"systeme-electrique","status":"publish","type":"page","link":"https:\/\/flaggermany.de\/fr\/systeme-electrique\/","title":{"rendered":"Syst\u00e8me \u00c8lectrique"},"content":{"rendered":"<p style=\"text-align: justify;\">Nos groupes complets de d\u00e9marreurs et de g\u00e9n\u00e9rateurs dans le domaine des v\u00e9hicules utilitaires repr\u00e9sentent r\u00e9ellement le point fort de notre programme \u00e9lectrique. Le montage effectu\u00e9 par nos soins nous permet de garantir une excellente qualit\u00e9 de production dans des conditions de qualit\u00e9 constante dans la production de nos pi\u00e8ces d\u00e9tach\u00e9es. Nos interrupteurs clignotants, centrales clignotantes et capteurs de temp\u00e9rature et de pression d\u2019huile viennent compl\u00e9ter notre programme et contribuer \u00e0 son succ\u00e8s.<\/p>\n","protected":false},"excerpt":{"rendered":"<p>Nos groupes complets de d\u00e9marreurs et de g\u00e9n\u00e9rateurs dans le domaine des v\u00e9hicules utilitaires repr\u00e9sentent r\u00e9ellement le point fort de notre programme \u00e9lectrique. Le montage effectu\u00e9 par nos soins nous permet de garantir une excellente qualit\u00e9 de production dans des conditions de qualit\u00e9 constante dans la production de nos pi\u00e8ces d\u00e9tach\u00e9es. Nos interrupteurs clignotants, centrales [&hellip;]<\/p>\n","protected":false},"author":6,"featured_media":6448,"parent":0,"menu_order":118,"comment_status":"closed","ping_status":"closed","template":"","meta":{"ngg_post_thumbnail":0},"acf":[],"_links":{"self":[{"href":"https:\/\/flaggermany.de\/fr\/wp-json\/wp\/v2\/pages\/609"}],"collection":[{"href":"https:\/\/flaggermany.de\/fr\/wp-json\/wp\/v2\/pages"}],"about":[{"href":"https:\/\/flaggermany.de\/fr\/wp-json\/wp\/v2\/types\/page"}],"author":[{"embeddable":true,"href":"https:\/\/flaggermany.de\/fr\/wp-json\/wp\/v2\/users\/6"}],"replies":[{"embeddable":true,"href":"https:\/\/flaggermany.de\/fr\/wp-json\/wp\/v2\/comments?post=609"}],"version-history":[{"count":0,"href":"https:\/\/flaggermany.de\/fr\/wp-json\/wp\/v2\/pages\/609\/revisions"}],"wp:featuredmedia":[{"embeddable":true,"href":"https:\/\/flaggermany.de\/fr\/wp-json\/wp\/v2\/media\/6448"}],"wp:attachment":[{"href":"https:\/\/flaggermany.de\/fr\/wp-json\/wp\/v2\/media?parent=609"}],"curies":[{"name":"wp","href":"https:\/\/api.w.org\/{rel}","templated":true}]}}