{"id":612,"date":"2014-03-09T21:04:00","date_gmt":"2014-03-09T21:04:00","guid":{"rendered":"http:\/\/portex.de\/?page_id=612"},"modified":"2018-08-27T11:36:21","modified_gmt":"2018-08-27T11:36:21","slug":"generateurs","status":"publish","type":"page","link":"https:\/\/flaggermany.de\/fr\/generateurs\/","title":{"rendered":"G\u00e9n\u00e9rateurs"},"content":{"rendered":"<p style=\"text-align: justify;\">Les g\u00e9n\u00e9rateurs modernes compacts pour l\u2019alimentation \u00e9lectrique des v\u00e9hicules utilitaires sont \u00e9quip\u00e9s de r\u00e9gulateur multifonction tr\u00e8s variables, ce qui permet une multitude de fonctions utiles \u00e0 la marche du g\u00e9n\u00e9rateur. L\u2019une d\u2019elles consiste en la fameuse \u00ab Batterie-Sensing \u00bb qui permet d\u2019optimiser la tension de charge entre le g\u00e9n\u00e9rateur et la batterie. Les batteries actuelles d\u2019une bien meilleure performance gr\u00e2ce aux r\u00e9gulateurs multifonction. Les caract\u00e9ristiques d\u00e9terminantes des g\u00e9n\u00e9rateurs actuels d\u00e9gagent une forte \u00e9nergie, m\u00eame \u00e0 faible vitesse de rotation et une performance jusqu\u2019\u00e0 25% sup\u00e9rieure pour un niveau de rendement plus \u00e9lev\u00e9.  Leur dimension r\u00e9duite et leur poids plus l\u00e9ger permettent aussi d\u2019\u00e9conomiser encore plus de carburant.<\/p>\n<p style=\"text-align: justify;\">FLAG propose une vaste gamme de g\u00e9n\u00e9rateurs pour les v\u00e9hicules utilitaires de tous les constructeurs automobiles correspondant \u00e0 une plage de niveau de 27 \u00e0 180 amp\u00e8res pour une charge de 24 volts.<\/p>\n<p style=\"text-align: justify;\">Nos g\u00e9n\u00e9rateurs r\u00e9pondent aux normes internationales, chaque g\u00e9n\u00e9rateur quittant notre site de production de Schwarzenbek pr\u00e8s de Hambourg est accompagn\u00e9 d\u2019un compte-rendu de contr\u00f4le et d\u2019un num\u00e9ro de s\u00e9rie. <\/p>\n","protected":false},"excerpt":{"rendered":"<p>Les g\u00e9n\u00e9rateurs modernes compacts pour l\u2019alimentation \u00e9lectrique des v\u00e9hicules utilitaires sont \u00e9quip\u00e9s de r\u00e9gulateur multifonction tr\u00e8s variables, ce qui permet une multitude de fonctions utiles \u00e0 la marche du g\u00e9n\u00e9rateur. L\u2019une d\u2019elles consiste en la fameuse \u00ab Batterie-Sensing \u00bb qui permet d\u2019optimiser la tension de charge entre le g\u00e9n\u00e9rateur et la batterie. Les batteries actuelles [&hellip;]<\/p>\n","protected":false},"author":6,"featured_media":0,"parent":0,"menu_order":42,"comment_status":"closed","ping_status":"closed","template":"","meta":{"ngg_post_thumbnail":0},"acf":[],"_links":{"self":[{"href":"https:\/\/flaggermany.de\/fr\/wp-json\/wp\/v2\/pages\/612"}],"collection":[{"href":"https:\/\/flaggermany.de\/fr\/wp-json\/wp\/v2\/pages"}],"about":[{"href":"https:\/\/flaggermany.de\/fr\/wp-json\/wp\/v2\/types\/page"}],"author":[{"embeddable":true,"href":"https:\/\/flaggermany.de\/fr\/wp-json\/wp\/v2\/users\/6"}],"replies":[{"embeddable":true,"href":"https:\/\/flaggermany.de\/fr\/wp-json\/wp\/v2\/comments?post=612"}],"version-history":[{"count":0,"href":"https:\/\/flaggermany.de\/fr\/wp-json\/wp\/v2\/pages\/612\/revisions"}],"wp:attachment":[{"href":"https:\/\/flaggermany.de\/fr\/wp-json\/wp\/v2\/media?parent=612"}],"curies":[{"name":"wp","href":"https:\/\/api.w.org\/{rel}","templated":true}]}}