{"id":614,"date":"2014-03-09T21:06:36","date_gmt":"2014-03-09T21:06:36","guid":{"rendered":"http:\/\/portex.de\/?page_id=614"},"modified":"2018-08-27T10:33:08","modified_gmt":"2018-08-27T10:33:08","slug":"systeme-hydraulique","status":"publish","type":"page","link":"https:\/\/flaggermany.de\/fr\/systeme-hydraulique\/","title":{"rendered":"Syst\u00e8me Hydraulique"},"content":{"rendered":"<p style=\"text-align: justify;\">Notre programme de syst\u00e8mes hydrauliques s\u2019adresse au march\u00e9 des engins agricoles, mais \u00e9galement aux cat\u00e9gories de v\u00e9hicules comme celle des camionnettes sur lesquels ces pompes servent aussi \u00e0 la direction assist\u00e9e. Le montage et le contr\u00f4le de nos pompes hydrauliques s\u2019effectuent dans nos ateliers, selon les normes de qualit\u00e9 les plus strictes pour r\u00e9pondre aux exigences \u00e9lev\u00e9es dans le domaine de l\u2019exploitation agricole. Le programme relatif aux pompes \u00e0 engrenage en est encore \u00e0 ses d\u00e9buts et va continuer \u00e0 se d\u00e9velopper.<\/h6>\n","protected":false},"excerpt":{"rendered":"<p>Notre programme de syst\u00e8mes hydrauliques s\u2019adresse au march\u00e9 des engins agricoles, mais \u00e9galement aux cat\u00e9gories de v\u00e9hicules comme celle des camionnettes sur lesquels ces pompes servent aussi \u00e0 la direction assist\u00e9e. Le montage et le contr\u00f4le de nos pompes hydrauliques s\u2019effectuent dans nos ateliers, selon les normes de qualit\u00e9 les plus strictes pour r\u00e9pondre aux [&hellip;]<\/p>\n","protected":false},"author":6,"featured_media":6456,"parent":0,"menu_order":129,"comment_status":"closed","ping_status":"closed","template":"","meta":{"ngg_post_thumbnail":0},"acf":[],"_links":{"self":[{"href":"https:\/\/flaggermany.de\/fr\/wp-json\/wp\/v2\/pages\/614"}],"collection":[{"href":"https:\/\/flaggermany.de\/fr\/wp-json\/wp\/v2\/pages"}],"about":[{"href":"https:\/\/flaggermany.de\/fr\/wp-json\/wp\/v2\/types\/page"}],"author":[{"embeddable":true,"href":"https:\/\/flaggermany.de\/fr\/wp-json\/wp\/v2\/users\/6"}],"replies":[{"embeddable":true,"href":"https:\/\/flaggermany.de\/fr\/wp-json\/wp\/v2\/comments?post=614"}],"version-history":[{"count":0,"href":"https:\/\/flaggermany.de\/fr\/wp-json\/wp\/v2\/pages\/614\/revisions"}],"wp:featuredmedia":[{"embeddable":true,"href":"https:\/\/flaggermany.de\/fr\/wp-json\/wp\/v2\/media\/6456"}],"wp:attachment":[{"href":"https:\/\/flaggermany.de\/fr\/wp-json\/wp\/v2\/media?parent=614"}],"curies":[{"name":"wp","href":"https:\/\/api.w.org\/{rel}","templated":true}]}}