{"id":616,"date":"2014-03-09T21:08:18","date_gmt":"2014-03-09T21:08:18","guid":{"rendered":"http:\/\/portex.de\/?page_id=616"},"modified":"2018-08-27T10:04:06","modified_gmt":"2018-08-27T10:04:06","slug":"transmissions-moteur-ponts","status":"publish","type":"page","link":"https:\/\/flaggermany.de\/fr\/transmissions-moteur-ponts\/","title":{"rendered":"Transmissions, Moteur, Ponts"},"content":{"rendered":"<p style=\"text-align: justify;\">Une qualit\u00e9 sup\u00e9rieure de produits pour nos bagues d\u2019\u00e9tanch\u00e9it\u00e9 et nos joints toriques de coussinets de v\u00e9rins repr\u00e9sente pour nous une priorit\u00e9 absolue. Nos bagues d\u2019\u00e9tanch\u00e9it\u00e9 conviennent parfaitement aux transmissions des v\u00e9hicules Mercedes et MAN, et s\u2019adaptent \u00e9galement aux ponts arri\u00e8re. Nous enrichissons constamment notre programme et avons compl\u00e9t\u00e9 l\u2019an dernier par des kits pour essieux arri\u00e8re Iveco (kit APL). Nous fournissons des jeux de cylindre et des joints de tige de soupape pour les moteurs Deutz, MB, Volvo et Scania.<\/p>\n<p style=\"text-align: justify;\">Nous traitons les mati\u00e8res de fa\u00e7on adapt\u00e9e, sur mesure, en fonction de chacune des utilisations dans le moteur. Vous trouverez chez nous des bagues d\u2019\u00e9tanch\u00e9it\u00e9, des joints toriques et des joints de tige de soupape r\u00e9alis\u00e9s aussi bien en caoutchouc nitrile, en passant par le FPM, le silicone et le PPDM.<\/p>\n","protected":false},"excerpt":{"rendered":"<p>Une qualit\u00e9 sup\u00e9rieure de produits pour nos bagues d\u2019\u00e9tanch\u00e9it\u00e9 et nos joints toriques de coussinets de v\u00e9rins repr\u00e9sente pour nous une priorit\u00e9 absolue. Nos bagues d\u2019\u00e9tanch\u00e9it\u00e9 conviennent parfaitement aux transmissions des v\u00e9hicules Mercedes et MAN, et s\u2019adaptent \u00e9galement aux ponts arri\u00e8re. Nous enrichissons constamment notre programme et avons compl\u00e9t\u00e9 l\u2019an dernier par des kits pour [&hellip;]<\/p>\n","protected":false},"author":6,"featured_media":6452,"parent":0,"menu_order":103,"comment_status":"closed","ping_status":"closed","template":"","meta":{"ngg_post_thumbnail":0},"acf":[],"_links":{"self":[{"href":"https:\/\/flaggermany.de\/fr\/wp-json\/wp\/v2\/pages\/616"}],"collection":[{"href":"https:\/\/flaggermany.de\/fr\/wp-json\/wp\/v2\/pages"}],"about":[{"href":"https:\/\/flaggermany.de\/fr\/wp-json\/wp\/v2\/types\/page"}],"author":[{"embeddable":true,"href":"https:\/\/flaggermany.de\/fr\/wp-json\/wp\/v2\/users\/6"}],"replies":[{"embeddable":true,"href":"https:\/\/flaggermany.de\/fr\/wp-json\/wp\/v2\/comments?post=616"}],"version-history":[{"count":0,"href":"https:\/\/flaggermany.de\/fr\/wp-json\/wp\/v2\/pages\/616\/revisions"}],"wp:featuredmedia":[{"embeddable":true,"href":"https:\/\/flaggermany.de\/fr\/wp-json\/wp\/v2\/media\/6452"}],"wp:attachment":[{"href":"https:\/\/flaggermany.de\/fr\/wp-json\/wp\/v2\/media?parent=616"}],"curies":[{"name":"wp","href":"https:\/\/api.w.org\/{rel}","templated":true}]}}