{"id":618,"date":"2014-03-09T21:10:34","date_gmt":"2014-03-09T21:10:34","guid":{"rendered":"http:\/\/portex.de\/?page_id=618"},"modified":"2018-08-27T10:51:54","modified_gmt":"2018-08-27T10:51:54","slug":"unit-injector-pump-uis-2","status":"publish","type":"page","link":"https:\/\/flaggermany.de\/fr\/unit-injector-pump-uis-2\/","title":{"rendered":"Unit injector pump \/ UIS"},"content":{"rendered":"<p style=\"text-align: justify;\">Le syst\u00e8me de pompe \u00e0 injection est une association entre l\u2019injection diesel haute pression et l\u2019injecteur. L\u2019avantage de ce syst\u00e8me consiste dans le fait que des pressions encore plus \u00e9lev\u00e9es peuvent \u00eatre utilis\u00e9es, car l\u2019assemblage de la pompe \u00e0 haute pression en gicleur-injecteur est r\u00e9uni dans un composant. Certains constructeurs OEM comme Volvo, Scania, Iveco, VW etc. misent sur cette technique bien que son utilisation n\u00e9cessite d\u2019entreprendre des transformations au niveau du moteur.<\/p>\n<p style=\"text-align: justify;\">Comme pour le syst\u00e8me d\u2019injection diesel haute pression, l\u2019outillage adapt\u00e9 d\u2019essai et de r\u00e9paration fait partie de notre fourniture. De l\u2019injection, jusqu\u2019aux soupapes, en passant par les bagues d\u2019\u00e9tanch\u00e9it\u00e9, vous trouverez aupr\u00e8s de nous les pi\u00e8ces de rechanges compl\u00e8tes dont vous avez besoin pour la r\u00e9paration des syst\u00e8mes de pompes \u00e0 injection. Sur un syst\u00e8me de pompe \u00e0 injection, les joints toriques et en t\u00e9flon sont particuli\u00e8rement sollicit\u00e9s. Nous proposons des jeux de joints adapt\u00e9s \u00e0 tous les constructeurs automobiles courants.<\/p>\n","protected":false},"excerpt":{"rendered":"<p>Le syst\u00e8me de pompe \u00e0 injection est une association entre l\u2019injection diesel haute pression et l\u2019injecteur. L\u2019avantage de ce syst\u00e8me consiste dans le fait que des pressions encore plus \u00e9lev\u00e9es peuvent \u00eatre utilis\u00e9es, car l\u2019assemblage de la pompe \u00e0 haute pression en gicleur-injecteur est r\u00e9uni dans un composant. Certains constructeurs OEM comme Volvo, Scania, Iveco, [&hellip;]<\/p>\n","protected":false},"author":6,"featured_media":0,"parent":0,"menu_order":68,"comment_status":"closed","ping_status":"closed","template":"","meta":{"ngg_post_thumbnail":0},"acf":[],"_links":{"self":[{"href":"https:\/\/flaggermany.de\/fr\/wp-json\/wp\/v2\/pages\/618"}],"collection":[{"href":"https:\/\/flaggermany.de\/fr\/wp-json\/wp\/v2\/pages"}],"about":[{"href":"https:\/\/flaggermany.de\/fr\/wp-json\/wp\/v2\/types\/page"}],"author":[{"embeddable":true,"href":"https:\/\/flaggermany.de\/fr\/wp-json\/wp\/v2\/users\/6"}],"replies":[{"embeddable":true,"href":"https:\/\/flaggermany.de\/fr\/wp-json\/wp\/v2\/comments?post=618"}],"version-history":[{"count":0,"href":"https:\/\/flaggermany.de\/fr\/wp-json\/wp\/v2\/pages\/618\/revisions"}],"wp:attachment":[{"href":"https:\/\/flaggermany.de\/fr\/wp-json\/wp\/v2\/media?parent=618"}],"curies":[{"name":"wp","href":"https:\/\/api.w.org\/{rel}","templated":true}]}}