{"id":620,"date":"2014-03-09T21:12:20","date_gmt":"2014-03-09T21:12:20","guid":{"rendered":"http:\/\/portex.de\/?page_id=620"},"modified":"2018-08-27T11:01:53","modified_gmt":"2018-08-27T11:01:53","slug":"unit-pump-ups-2","status":"publish","type":"page","link":"https:\/\/flaggermany.de\/fr\/unit-pump-ups-2\/","title":{"rendered":"Unit Pump \/ UPS"},"content":{"rendered":"\n<p style=\"text-align: justify;\">Les pompes enfichables \u00e0 commande m\u00e9canique ne sont plus d&rsquo;actualit\u00e9. Gr\u00e2ce \u00e0 la possibilit\u00e9 de commande \u00e9lectronique le syst\u00e8me d&rsquo;injection de la pompe atteint un niveau de rendement s&rsquo;approchant des performances qu&rsquo;offre la technique Common Rail. <\/p>\n<p style=\"text-align: justify;\">Notre transport de marchandises conna\u00eet une constante augmentation, un nombre toujours croissant de camions transporte de plus en plus de marchandises. Pour les entreprises de cette branche, la r\u00e9duction des co\u00fbts est devenue cruciale. Pour chaque kilom\u00e8tre suppl\u00e9mentaire de transport parcouru, produire des moteurs diesel toujours plus performants, consommant moins et d\u00e9gageant moins d&rsquo;\u00e9missions polluantes rev\u00eat une importance majeure.<\/p>\n<p style=\"text-align: justify;\">Le syst\u00e8me d\u2019injection diesel haute pression repr\u00e9sente une possibilit\u00e9 de d\u00e9veloppement qu\u2019utilisent des constructeurs comme Mercedes afin pour r\u00e9pondre \u00e0 la demande. Nos pi\u00e8ces de rechange et nos outillages, tout comme le banc d\u2019essai destin\u00e9 au syst\u00e8me d\u2019injection diesel haute pression vous offrent la gamme parfaite, permettant d\u2019assurer la remise en \u00e9tat de toutes les pompes enfichables courantes. <\/p>\n","protected":false},"excerpt":{"rendered":"<p>Les pompes enfichables \u00e0 commande m\u00e9canique ne sont plus d&rsquo;actualit\u00e9. Gr\u00e2ce \u00e0 la possibilit\u00e9 de commande \u00e9lectronique le syst\u00e8me d&rsquo;injection de la pompe atteint un niveau de rendement s&rsquo;approchant des performances qu&rsquo;offre la technique Common Rail. Notre transport de marchandises conna\u00eet une constante augmentation, un nombre toujours croissant de camions transporte de plus en plus [&hellip;]<\/p>\n","protected":false},"author":6,"featured_media":0,"parent":0,"menu_order":69,"comment_status":"closed","ping_status":"closed","template":"","meta":{"ngg_post_thumbnail":0},"acf":[],"_links":{"self":[{"href":"https:\/\/flaggermany.de\/fr\/wp-json\/wp\/v2\/pages\/620"}],"collection":[{"href":"https:\/\/flaggermany.de\/fr\/wp-json\/wp\/v2\/pages"}],"about":[{"href":"https:\/\/flaggermany.de\/fr\/wp-json\/wp\/v2\/types\/page"}],"author":[{"embeddable":true,"href":"https:\/\/flaggermany.de\/fr\/wp-json\/wp\/v2\/users\/6"}],"replies":[{"embeddable":true,"href":"https:\/\/flaggermany.de\/fr\/wp-json\/wp\/v2\/comments?post=620"}],"version-history":[{"count":0,"href":"https:\/\/flaggermany.de\/fr\/wp-json\/wp\/v2\/pages\/620\/revisions"}],"wp:attachment":[{"href":"https:\/\/flaggermany.de\/fr\/wp-json\/wp\/v2\/media?parent=620"}],"curies":[{"name":"wp","href":"https:\/\/api.w.org\/{rel}","templated":true}]}}