{"id":622,"date":"2014-03-09T21:13:59","date_gmt":"2014-03-09T21:13:59","guid":{"rendered":"http:\/\/portex.de\/?page_id=622"},"modified":"2018-08-27T11:12:13","modified_gmt":"2018-08-27T11:12:13","slug":"pompe-dinjection-en-ligne","status":"publish","type":"page","link":"https:\/\/flaggermany.de\/fr\/pompe-dinjection-en-ligne\/","title":{"rendered":"Pompe d&rsquo;injection en ligne"},"content":{"rendered":"\n<p style=\"text-align: justify;\">Notre marque de fabrique FLAG Germany est synonyme depuis plus de 30 ans de qualit\u00e9 et de fiabilit\u00e9.<\/p>\n<p style=\"text-align: justify;\">Notre programme de pompes \u00e0 injection en ligne s&rsquo;est enrichi au cours des ann\u00e9es, nous proposons une vaste gamme de pompes \u00e0 tous les constructeurs de renom (A, M, MW, H et P) de composants, de soupapes et de kits de r\u00e9paration. Des porte-injecteurs et leurs pi\u00e8ces d\u00e9tach\u00e9es comme des injecteurs de la marque FLAG Germany viennent compl\u00e9ter le programme.<\/p>\n","protected":false},"excerpt":{"rendered":"<p>Notre marque de fabrique FLAG Germany est synonyme depuis plus de 30 ans de qualit\u00e9 et de fiabilit\u00e9. Notre programme de pompes \u00e0 injection en ligne s&rsquo;est enrichi au cours des ann\u00e9es, nous proposons une vaste gamme de pompes \u00e0 tous les constructeurs de renom (A, M, MW, H et P) de composants, de soupapes [&hellip;]<\/p>\n","protected":false},"author":6,"featured_media":0,"parent":0,"menu_order":71,"comment_status":"closed","ping_status":"closed","template":"","meta":{"ngg_post_thumbnail":0},"acf":[],"_links":{"self":[{"href":"https:\/\/flaggermany.de\/fr\/wp-json\/wp\/v2\/pages\/622"}],"collection":[{"href":"https:\/\/flaggermany.de\/fr\/wp-json\/wp\/v2\/pages"}],"about":[{"href":"https:\/\/flaggermany.de\/fr\/wp-json\/wp\/v2\/types\/page"}],"author":[{"embeddable":true,"href":"https:\/\/flaggermany.de\/fr\/wp-json\/wp\/v2\/users\/6"}],"replies":[{"embeddable":true,"href":"https:\/\/flaggermany.de\/fr\/wp-json\/wp\/v2\/comments?post=622"}],"version-history":[{"count":0,"href":"https:\/\/flaggermany.de\/fr\/wp-json\/wp\/v2\/pages\/622\/revisions"}],"wp:attachment":[{"href":"https:\/\/flaggermany.de\/fr\/wp-json\/wp\/v2\/media?parent=622"}],"curies":[{"name":"wp","href":"https:\/\/api.w.org\/{rel}","templated":true}]}}