{"id":624,"date":"2014-03-09T21:15:54","date_gmt":"2014-03-09T21:15:54","guid":{"rendered":"http:\/\/portex.de\/?page_id=624"},"modified":"2018-08-27T11:49:04","modified_gmt":"2018-08-27T11:49:04","slug":"interrupteurs-centrales-clignotantes-et-capteurs","status":"publish","type":"page","link":"https:\/\/flaggermany.de\/fr\/interrupteurs-centrales-clignotantes-et-capteurs\/","title":{"rendered":"Interrupteurs, centrales clignotantes et capteurs"},"content":{"rendered":"<p style=\"text-align: justify;\">La commande des moteurs modernes, appel\u00e9e Engine Control Unit ( ECU) consiste en un ordinateur prenant en charge la commande, le r\u00e9glage et la surveillance des fonctions du moteur. L\u2019ECU traite pour les t\u00e2ches de r\u00e9glage et de commande les donn\u00e9es des capteurs, par exemple la temp\u00e9rature de l\u2019air aspir\u00e9, du liquide du moteur, la pression de l\u2019huile ou le signal de pression du carburant. Les informations commun\u00e9ment appel\u00e9es des signaux et destin\u00e9es aux utilisateurs (comme le r\u00e9glage de la vitesse de croisi\u00e8re (cruise control), la position de l\u2019angle de la p\u00e9dale de l\u2019acc\u00e9l\u00e9rateur ou du signal de freinage) sont int\u00e9gr\u00e9es dans les calculs de l\u2019ECU. Nos capteurs de temp\u00e9rature et de pression d\u2019huile, des r\u00e9gulateurs multifonction et des relais viennent compl\u00e9ter la gamme de commande du moteur. <\/p>\n<p style=\"text-align: justify;\">Nous proposons \u00e9galement une gamme de centrales clignotantes, d\u2019interrupteurs, aussi pour colonne de direction.<\/p>\n","protected":false},"excerpt":{"rendered":"<p>La commande des moteurs modernes, appel\u00e9e Engine Control Unit ( ECU) consiste en un ordinateur prenant en charge la commande, le r\u00e9glage et la surveillance des fonctions du moteur. L\u2019ECU traite pour les t\u00e2ches de r\u00e9glage et de commande les donn\u00e9es des capteurs, par exemple la temp\u00e9rature de l\u2019air aspir\u00e9, du liquide du moteur, la [&hellip;]<\/p>\n","protected":false},"author":6,"featured_media":0,"parent":0,"menu_order":72,"comment_status":"closed","ping_status":"closed","template":"","meta":{"ngg_post_thumbnail":0},"acf":[],"_links":{"self":[{"href":"https:\/\/flaggermany.de\/fr\/wp-json\/wp\/v2\/pages\/624"}],"collection":[{"href":"https:\/\/flaggermany.de\/fr\/wp-json\/wp\/v2\/pages"}],"about":[{"href":"https:\/\/flaggermany.de\/fr\/wp-json\/wp\/v2\/types\/page"}],"author":[{"embeddable":true,"href":"https:\/\/flaggermany.de\/fr\/wp-json\/wp\/v2\/users\/6"}],"replies":[{"embeddable":true,"href":"https:\/\/flaggermany.de\/fr\/wp-json\/wp\/v2\/comments?post=624"}],"version-history":[{"count":0,"href":"https:\/\/flaggermany.de\/fr\/wp-json\/wp\/v2\/pages\/624\/revisions"}],"wp:attachment":[{"href":"https:\/\/flaggermany.de\/fr\/wp-json\/wp\/v2\/media?parent=624"}],"curies":[{"name":"wp","href":"https:\/\/api.w.org\/{rel}","templated":true}]}}