{"id":627,"date":"2014-03-09T21:19:07","date_gmt":"2014-03-09T21:19:07","guid":{"rendered":"http:\/\/portex.de\/?page_id=627"},"modified":"2018-08-27T11:07:00","modified_gmt":"2018-08-27T11:07:00","slug":"pompes-dinjection-distributrice-ve-vp","status":"publish","type":"page","link":"https:\/\/flaggermany.de\/fr\/pompes-dinjection-distributrice-ve-vp\/","title":{"rendered":"Pompes d&rsquo;injection distributrice VE \/ VP"},"content":{"rendered":"\n<p style=\"text-align: justify;\">La haute qualit\u00e9 d&rsquo;un produit repr\u00e9sente notre priorit\u00e9 absolue : dans ce domaine, nous ne laissons rien au hasard. Nous avons \u00e0 titre d&rsquo;exemple d\u00e9velopp\u00e9 notre programme de pompes \u00e0 injection distributrices, auquel s&rsquo;applique \u00e9galement notre gamme pour les moteurs de plus petite taille utilis\u00e9s dans le domaine des voitures de tourisme et des camionnettes.<\/p>\n<p style=\"text-align: justify;\">Notre nom sur le march\u00e9 repr\u00e9sente qualit\u00e9 et fiabilit\u00e9 pour les pompes VE et VP Delphi, Zexel, Bosch, Denso et Stanadyne. Nos soupapes d&rsquo;injection \u00e0 sol\u00e9no\u00efde sont d&rsquo;une qualit\u00e9 \u00e9quivalente aux produits fabriqu\u00e9s par les \u00e9quipementiers (OEM). <\/p>\n<p style=\"text-align: justify;\">Vous trouverez \u00e9galement parmi nos produits, des injecteurs DN et des porte-injecteurs r\u00e9pondant \u00e0 vos besoins. Nous consid\u00e9rons notre r\u00f4le en qualit\u00e9 de prestataires de services, c&rsquo;est pourquoi nous veillons \u00e0 satisfaire aux souhaits personnalis\u00e9s de nos clients, dans l&rsquo;assemblage de vos kits de r\u00e9paration enti\u00e8rement sur mesure et nous fabriquons \u00e9galement des pi\u00e8ces d\u00e9tach\u00e9es, m\u00eame en petites quantit\u00e9s, selon vos d\u00e9sirs.<\/p>\n","protected":false},"excerpt":{"rendered":"<p>La haute qualit\u00e9 d&rsquo;un produit repr\u00e9sente notre priorit\u00e9 absolue : dans ce domaine, nous ne laissons rien au hasard. Nous avons \u00e0 titre d&rsquo;exemple d\u00e9velopp\u00e9 notre programme de pompes \u00e0 injection distributrices, auquel s&rsquo;applique \u00e9galement notre gamme pour les moteurs de plus petite taille utilis\u00e9s dans le domaine des voitures de tourisme et des camionnettes. [&hellip;]<\/p>\n","protected":false},"author":6,"featured_media":0,"parent":0,"menu_order":84,"comment_status":"closed","ping_status":"closed","template":"","meta":{"ngg_post_thumbnail":0},"acf":[],"_links":{"self":[{"href":"https:\/\/flaggermany.de\/fr\/wp-json\/wp\/v2\/pages\/627"}],"collection":[{"href":"https:\/\/flaggermany.de\/fr\/wp-json\/wp\/v2\/pages"}],"about":[{"href":"https:\/\/flaggermany.de\/fr\/wp-json\/wp\/v2\/types\/page"}],"author":[{"embeddable":true,"href":"https:\/\/flaggermany.de\/fr\/wp-json\/wp\/v2\/users\/6"}],"replies":[{"embeddable":true,"href":"https:\/\/flaggermany.de\/fr\/wp-json\/wp\/v2\/comments?post=627"}],"version-history":[{"count":0,"href":"https:\/\/flaggermany.de\/fr\/wp-json\/wp\/v2\/pages\/627\/revisions"}],"wp:attachment":[{"href":"https:\/\/flaggermany.de\/fr\/wp-json\/wp\/v2\/media?parent=627"}],"curies":[{"name":"wp","href":"https:\/\/api.w.org\/{rel}","templated":true}]}}