{"id":693,"date":"2014-03-09T21:49:40","date_gmt":"2014-03-09T21:49:40","guid":{"rendered":"http:\/\/portex.de\/?page_id=693"},"modified":"2018-08-27T11:24:03","modified_gmt":"2018-08-27T11:24:03","slug":"demarreur","status":"publish","type":"page","link":"https:\/\/flaggermany.de\/fr\/demarreur\/","title":{"rendered":"D\u00e9marreur"},"content":{"rendered":"\n<p style=\"text-align: justify;\">Vous trouverez \u00e9galement parmi notre gamme des relais et interrupteurs magn\u00e9tiques, tout comme des engrenages plan\u00e9taires, des transmissions \u00e0 roue libre et des enroulements. Le montage est garant de la qualit\u00e9 du d\u00e9marreur dans son ensemble, comme des pi\u00e8ces d\u00e9tach\u00e9es. Nous nous inscrivons dans un contr\u00f4le de production quasiment permanent qui nous permet de d\u00e9tecter imm\u00e9diatement le moindre \u00e9cart dans la production en s\u00e9rie et de l\u2019\u00e9liminer. Nous utilisons un banc d\u2019essai DV Elektronics qui nous donne la possibilit\u00e9 de v\u00e9rifier chaque d\u00e9marreur individuellement, de le munir d\u2019un num\u00e9ro de s\u00e9rie et de l\u2019accompagner \u00e0 la livraison d\u2019un rapport de test. Nous sauvegardons nos r\u00e9sultats de tests pendant 10 ans et les tenons ainsi disponibles \u00e0 tout moment. Pour prouver la qualit\u00e9 de nos produits \u00e0 nos clients, un rapport de test accompagne chaque d\u00e9marreur.<\/p>\n<p style=\"text-align: justify;\">Notre programme de d\u00e9marreurs comprend les s\u00e9ries KB, QB, JF, JD, IE, JE, EV et HEF de chez Bosch, et l\u2019ensemble de leurs pi\u00e8ces de rechange. Notre nouveau programme de d\u00e9marreurs Mitsubishi destin\u00e9s \u00e0 MB, MAN, IVECO, VOLVO et RENAULT conforte notre position sur le march\u00e9.<\/p>\n<p style=\"text-align: justify;\">R\u00e9duisez au maximum le risque de panne et misez pour les r\u00e9parations et l\u2019\u00e9change sur les produits de qualit\u00e9 de FLAG Germany.<\/p>\n","protected":false},"excerpt":{"rendered":"<p>Vous trouverez \u00e9galement parmi notre gamme des relais et interrupteurs magn\u00e9tiques, tout comme des engrenages plan\u00e9taires, des transmissions \u00e0 roue libre et des enroulements. Le montage est garant de la qualit\u00e9 du d\u00e9marreur dans son ensemble, comme des pi\u00e8ces d\u00e9tach\u00e9es. Nous nous inscrivons dans un contr\u00f4le de production quasiment permanent qui nous permet de d\u00e9tecter [&hellip;]<\/p>\n","protected":false},"author":6,"featured_media":0,"parent":0,"menu_order":74,"comment_status":"closed","ping_status":"closed","template":"","meta":{"ngg_post_thumbnail":0},"acf":[],"_links":{"self":[{"href":"https:\/\/flaggermany.de\/fr\/wp-json\/wp\/v2\/pages\/693"}],"collection":[{"href":"https:\/\/flaggermany.de\/fr\/wp-json\/wp\/v2\/pages"}],"about":[{"href":"https:\/\/flaggermany.de\/fr\/wp-json\/wp\/v2\/types\/page"}],"author":[{"embeddable":true,"href":"https:\/\/flaggermany.de\/fr\/wp-json\/wp\/v2\/users\/6"}],"replies":[{"embeddable":true,"href":"https:\/\/flaggermany.de\/fr\/wp-json\/wp\/v2\/comments?post=693"}],"version-history":[{"count":0,"href":"https:\/\/flaggermany.de\/fr\/wp-json\/wp\/v2\/pages\/693\/revisions"}],"wp:attachment":[{"href":"https:\/\/flaggermany.de\/fr\/wp-json\/wp\/v2\/media?parent=693"}],"curies":[{"name":"wp","href":"https:\/\/api.w.org\/{rel}","templated":true}]}}